{"id":9,"date":"2007-03-23T21:57:48","date_gmt":"2007-03-23T19:57:48","guid":{"rendered":"http:\/\/www.plattenrekorder.de\/wordpress\/?page_id=9"},"modified":"2019-07-12T20:43:58","modified_gmt":"2019-07-12T18:43:58","slug":"film","status":"publish","type":"page","link":"https:\/\/www.plattenrekorder.de\/?page_id=9","title":{"rendered":"film"},"content":{"rendered":"<p><strong>POPCITY AUGSBURG | DVD Compilation<\/strong><\/p>\n<p><a href=\"http:\/\/www.plattenrekorder.de\/wp-content\/uploads\/2013\/01\/4020796419929.jpg\"><img loading=\"lazy\" decoding=\"async\" class=\"alignleft size-medium wp-image-193\" src=\"http:\/\/www.plattenrekorder.de\/wp-content\/uploads\/2013\/01\/4020796419929-217x300.jpg\" alt=\"\" width=\"217\" height=\"300\" srcset=\"https:\/\/www.plattenrekorder.de\/wp-content\/uploads\/2013\/01\/4020796419929-217x300.jpg 217w, https:\/\/www.plattenrekorder.de\/wp-content\/uploads\/2013\/01\/4020796419929-742x1024.jpg 742w, https:\/\/www.plattenrekorder.de\/wp-content\/uploads\/2013\/01\/4020796419929-624x860.jpg 624w, https:\/\/www.plattenrekorder.de\/wp-content\/uploads\/2013\/01\/4020796419929.jpg 1200w\" sizes=\"auto, (max-width: 217px) 100vw, 217px\" \/><\/a>Die 20-min\u00fctige Musikdokumentation\u00a0POPCITY AUGSBURG ?!\u00a0hinterfragt das Ph\u00e4nomen POPCITY indem sie die Indiepopmusikszene der Stadt Augsburg, die Bands, Macher und F\u00e4denzieher zu Wort kommen l\u00e4sst. Die Interviews mit den Protagonisten der Szene drehen sich unter anderem um die Strukturen und Entwicklung der Szene und die Unterschiede zu fr\u00fcher, die Augsburger Clublandschaft, die M\u00f6glichkeiten f\u00fcr lokale Bands und besonders um die Frage, ob Augsburg \u00fcberhaupt POPCITY ist.<\/p>\n<p>Auf der DVD Compiliation\u00a0POPCITY AUGSBURG\u00a0sind neben der Musikdokumentation 20 Bands in Bild und Ton zu sehen. Musikvideos von ANAJO, AROMA, COSMIC CASINO, DIE HERREN POLARIS, ELECTRIC HUGO, JEFFREY, NOVA INTERNATIONAL, SILIKON, SMACK, THE JANUARY FLAKE. Fotosildeshows von APRON, DESSERT SURPRISE, ME, MONOPHOX, MUFUTI TWINS, M\u00dcLLER, NICHTS, PARISH GARDEN, ROMAN FISCHER, TONAIR.<\/p>\n<p><iframe loading=\"lazy\" src=\"http:\/\/www.youtube.com\/embed\/YSKc1FPXQhI?rel=0\" width=\"480\" height=\"360\" frameborder=\"0\" allowfullscreen=\"allowfullscreen\"><\/iframe><\/p>\n","protected":false},"excerpt":{"rendered":"<p>POPCITY AUGSBURG | DVD Compilation Die 20-min\u00fctige Musikdokumentation\u00a0POPCITY AUGSBURG ?!\u00a0hinterfragt das Ph\u00e4nomen POPCITY indem sie die Indiepopmusikszene der Stadt Augsburg, die Bands, Macher und F\u00e4denzieher&#8230;<\/p>\n<div class=\"more-link-wrapper\"><a class=\"more-link\" href=\"https:\/\/www.plattenrekorder.de\/?page_id=9\">Weiterlesen<span class=\"screen-reader-text\">film<\/span><\/a><\/div>\n","protected":false},"author":1,"featured_media":0,"parent":0,"menu_order":0,"comment_status":"closed","ping_status":"closed","template":"","meta":{"footnotes":""},"class_list":["post-9","page","type-page","status-publish","hentry","entry"],"_links":{"self":[{"href":"https:\/\/www.plattenrekorder.de\/index.php?rest_route=\/wp\/v2\/pages\/9","targetHints":{"allow":["GET"]}}],"collection":[{"href":"https:\/\/www.plattenrekorder.de\/index.php?rest_route=\/wp\/v2\/pages"}],"about":[{"href":"https:\/\/www.plattenrekorder.de\/index.php?rest_route=\/wp\/v2\/types\/page"}],"author":[{"embeddable":true,"href":"https:\/\/www.plattenrekorder.de\/index.php?rest_route=\/wp\/v2\/users\/1"}],"replies":[{"embeddable":true,"href":"https:\/\/www.plattenrekorder.de\/index.php?rest_route=%2Fwp%2Fv2%2Fcomments&post=9"}],"version-history":[{"count":8,"href":"https:\/\/www.plattenrekorder.de\/index.php?rest_route=\/wp\/v2\/pages\/9\/revisions"}],"predecessor-version":[{"id":372,"href":"https:\/\/www.plattenrekorder.de\/index.php?rest_route=\/wp\/v2\/pages\/9\/revisions\/372"}],"wp:attachment":[{"href":"https:\/\/www.plattenrekorder.de\/index.php?rest_route=%2Fwp%2Fv2%2Fmedia&parent=9"}],"curies":[{"name":"wp","href":"https:\/\/api.w.org\/{rel}","templated":true}]}}